{"id":23,"date":"2022-12-28T17:28:47","date_gmt":"2022-12-28T17:28:47","guid":{"rendered":"https:\/\/www.amibit.pl\/?page_id=23"},"modified":"2024-02-01T10:11:47","modified_gmt":"2024-02-01T10:11:47","slug":"opieka-informatyczna","status":"publish","type":"page","link":"https:\/\/www.amibit.pl\/index.php\/opieka-informatyczna\/","title":{"rendered":"Opieka informatyczna"},"content":{"rendered":"\t\t<div data-elementor-type=\"wp-page\" data-elementor-id=\"23\" class=\"elementor elementor-23\">\n\t\t\t\t\t\t<section class=\"elementor-section elementor-top-section elementor-element elementor-element-667c027c elementor-section-boxed elementor-section-height-default elementor-section-height-default\" data-id=\"667c027c\" data-element_type=\"section\" data-e-type=\"section\" data-settings=\"{&quot;background_background&quot;:&quot;classic&quot;}\">\n\t\t\t\t\t\t\t<div class=\"elementor-background-overlay\"><\/div>\n\t\t\t\t\t\t\t<div class=\"elementor-container elementor-column-gap-default\">\n\t\t\t\t\t<div class=\"elementor-column elementor-col-100 elementor-top-column elementor-element elementor-element-7e5e5b5b\" data-id=\"7e5e5b5b\" data-element_type=\"column\" data-e-type=\"column\">\n\t\t\t<div class=\"elementor-widget-wrap elementor-element-populated\">\n\t\t\t\t\t\t<div class=\"elementor-element elementor-element-45e0c6c5 elementor-widget__width-inherit elementor-widget elementor-widget-heading\" data-id=\"45e0c6c5\" data-element_type=\"widget\" data-e-type=\"widget\" data-widget_type=\"heading.default\">\n\t\t\t\t<div class=\"elementor-widget-container\">\n\t\t\t\t\t<h1 class=\"elementor-heading-title elementor-size-default\">Opieka informatyczna<\/h1>\t\t\t\t<\/div>\n\t\t\t\t<\/div>\n\t\t\t\t\t<\/div>\n\t\t<\/div>\n\t\t\t\t\t<\/div>\n\t\t<\/section>\n\t\t\t\t<section class=\"elementor-section elementor-top-section elementor-element elementor-element-1584a88 elementor-section-boxed elementor-section-height-default elementor-section-height-default\" data-id=\"1584a88\" data-element_type=\"section\" data-e-type=\"section\">\n\t\t\t\t\t\t<div class=\"elementor-container elementor-column-gap-default\">\n\t\t\t\t\t<div class=\"elementor-column elementor-col-50 elementor-top-column elementor-element elementor-element-02e223d\" data-id=\"02e223d\" data-element_type=\"column\" data-e-type=\"column\">\n\t\t\t<div class=\"elementor-widget-wrap elementor-element-populated\">\n\t\t\t\t\t\t<div class=\"elementor-element elementor-element-b30a006 elementor-widget elementor-widget-heading\" data-id=\"b30a006\" data-element_type=\"widget\" data-e-type=\"widget\" data-widget_type=\"heading.default\">\n\t\t\t\t<div class=\"elementor-widget-container\">\n\t\t\t\t\t<h2 class=\"elementor-heading-title elementor-size-default\">Outsourcing<\/h2>\t\t\t\t<\/div>\n\t\t\t\t<\/div>\n\t\t\t\t<div class=\"elementor-element elementor-element-e5589e5 elementor-widget elementor-widget-text-editor\" data-id=\"e5589e5\" data-element_type=\"widget\" data-e-type=\"widget\" data-widget_type=\"text-editor.default\">\n\t\t\t\t<div class=\"elementor-widget-container\">\n\t\t\t\t\t\t\t\t\t<p>Informatyczna obs\u0142uga serwisowa zlecona firmie zewn\u0119trznej to najlepszy spos\u00f3b na utrzymanie bie\u017c\u0105cej sprawno\u015bci sprz\u0119tu komputerowego, infrastruktury sieciowej, oprogramowania i peryferyjnych urz\u0105dze\u0144 komputerowych z szybkim czasem reakcji\u00a0<span style=\"font-family: Rubik, sans-serif; font-size: 16px; font-style: normal; font-variant-ligatures: normal; font-variant-caps: normal; font-weight: 300;\">na wszelkie problemy sprz\u0119towe i programowe\u00a0<\/span><span style=\"font-size: 16px;\">przy jednoczesnym zminimalizowaniu koszt\u00f3w.<\/span><\/p><p>W\u0142a\u015bciwe zrozumienie problematyki Twojej firmy\u00a0i\u00a0okre\u015blenie potrzeb informatycznych s\u0105 podstaw\u0105 do podejmowania prawid\u0142owych i szybkich dzia\u0142a\u0144.<\/p>\t\t\t\t\t\t\t\t<\/div>\n\t\t\t\t<\/div>\n\t\t\t\t\t<\/div>\n\t\t<\/div>\n\t\t\t\t<div class=\"elementor-column elementor-col-50 elementor-top-column elementor-element elementor-element-79a2720\" data-id=\"79a2720\" data-element_type=\"column\" data-e-type=\"column\">\n\t\t\t<div class=\"elementor-widget-wrap elementor-element-populated\">\n\t\t\t\t\t\t<div class=\"elementor-element elementor-element-39a70fc elementor-widget elementor-widget-image\" data-id=\"39a70fc\" data-element_type=\"widget\" data-e-type=\"widget\" data-widget_type=\"image.default\">\n\t\t\t\t<div class=\"elementor-widget-container\">\n\t\t\t\t\t\t\t\t\t\t\t\t\t\t\t<img fetchpriority=\"high\" decoding=\"async\" width=\"1024\" height=\"683\" src=\"https:\/\/www.amibit.pl\/wp-content\/uploads\/2022\/12\/it-g4a63e87c6_1920-1024x683.jpg\" class=\"attachment-large size-large wp-image-397\" alt=\"\" srcset=\"https:\/\/www.amibit.pl\/wp-content\/uploads\/2022\/12\/it-g4a63e87c6_1920-1024x683.jpg 1024w, https:\/\/www.amibit.pl\/wp-content\/uploads\/2022\/12\/it-g4a63e87c6_1920-300x200.jpg 300w, https:\/\/www.amibit.pl\/wp-content\/uploads\/2022\/12\/it-g4a63e87c6_1920-768x512.jpg 768w, https:\/\/www.amibit.pl\/wp-content\/uploads\/2022\/12\/it-g4a63e87c6_1920-1536x1024.jpg 1536w, https:\/\/www.amibit.pl\/wp-content\/uploads\/2022\/12\/it-g4a63e87c6_1920.jpg 1920w\" sizes=\"(max-width: 1024px) 100vw, 1024px\" \/>\t\t\t\t\t\t\t\t\t\t\t\t\t\t\t<\/div>\n\t\t\t\t<\/div>\n\t\t\t\t\t<\/div>\n\t\t<\/div>\n\t\t\t\t\t<\/div>\n\t\t<\/section>\n\t\t\t\t<section class=\"elementor-section elementor-top-section elementor-element elementor-element-1d247f4e elementor-section-boxed elementor-section-height-default elementor-section-height-default\" data-id=\"1d247f4e\" data-element_type=\"section\" data-e-type=\"section\" data-settings=\"{&quot;background_background&quot;:&quot;classic&quot;}\">\n\t\t\t\t\t\t\t<div class=\"elementor-background-overlay\"><\/div>\n\t\t\t\t\t\t\t<div class=\"elementor-container elementor-column-gap-no\">\n\t\t\t\t\t<div class=\"elementor-column elementor-col-100 elementor-top-column elementor-element elementor-element-236d86fe\" data-id=\"236d86fe\" data-element_type=\"column\" data-e-type=\"column\">\n\t\t\t<div class=\"elementor-widget-wrap elementor-element-populated\">\n\t\t\t\t\t\t<div class=\"elementor-element elementor-element-7a8fadd8 elementor-widget elementor-widget-heading\" data-id=\"7a8fadd8\" data-element_type=\"widget\" data-e-type=\"widget\" data-widget_type=\"heading.default\">\n\t\t\t\t<div class=\"elementor-widget-container\">\n\t\t\t\t\t<h2 class=\"elementor-heading-title elementor-size-default\">Proponowany zakres us\u0142ug:<\/h2>\t\t\t\t<\/div>\n\t\t\t\t<\/div>\n\t\t\t\t<div class=\"elementor-element elementor-element-11664c7c elementor-widget elementor-widget-text-editor\" data-id=\"11664c7c\" data-element_type=\"widget\" data-e-type=\"widget\" data-widget_type=\"text-editor.default\">\n\t\t\t\t<div class=\"elementor-widget-container\">\n\t\t\t\t\t\t\t\t\t<ul><li>diagnozowanie i\u00a0bie\u017c\u0105ce usuwanie problem\u00f3w\u00a0sprz\u0119towych i programowych,<\/li><li>naprawy gwarancyjne i pogwarancyjne\u00a0posiadanego sprz\u0119tu komputerowego,<\/li><li>przegl\u0105dy sprawno\u015bci sprz\u0119tu i jego okresowe konserwacje,<\/li><li>modernizacja i rozbudowa sprz\u0119tu i infrastruktury sieciowej,<\/li><li>nadz\u00f3r nad sieciami komputerowymi, a tak\u017ce ich administrowanie,<\/li><li>doradztwo w zakresie rozwi\u0105za\u0144 informatycznych i planowanych zakup\u00f3w,<\/li><li>wsp\u00f3\u0142tworzenie polityki bezpiecze\u0144stwa i zasad dost\u0119pu do danych,<\/li><li>usuwanie wirus\u00f3w i naprawa\u00a0uszkodzonego przez nie\u00a0oprogramowania,<\/li><li>tworzenie okresowych kopii bezpiecze\u0144stwa na powierzonych no\u015bnikach,<\/li><li>odzyskiwanie danych po awariach z utworzonych kopii bezpiecze\u0144stwa,<\/li><li>pomoc u\u017cytkownikom oprogramowania w zakresie jego prawid\u0142owej obs\u0142ugi,<\/li><li>prowadzenie ewidencji napraw sprz\u0119tu obj\u0119tego umow\u0105 serwisow\u0105.<\/li><\/ul><p>Decyzja o podj\u0119ciu wsp\u00f3\u0142pracy skutkuje podpisaniem umowy serwisowej.<\/p>\t\t\t\t\t\t\t\t<\/div>\n\t\t\t\t<\/div>\n\t\t\t\t\t<\/div>\n\t\t<\/div>\n\t\t\t\t\t<\/div>\n\t\t<\/section>\n\t\t\t\t<section class=\"elementor-section elementor-top-section elementor-element elementor-element-1ca26d4 elementor-section-boxed elementor-section-height-default elementor-section-height-default\" data-id=\"1ca26d4\" data-element_type=\"section\" data-e-type=\"section\">\n\t\t\t\t\t\t<div class=\"elementor-container elementor-column-gap-default\">\n\t\t\t\t\t<div class=\"elementor-column elementor-col-100 elementor-top-column elementor-element elementor-element-0c83f5b\" data-id=\"0c83f5b\" data-element_type=\"column\" data-e-type=\"column\">\n\t\t\t<div class=\"elementor-widget-wrap elementor-element-populated\">\n\t\t\t\t\t\t<div class=\"elementor-element elementor-element-1c66161 elementor-align-right elementor-widget elementor-widget-button\" data-id=\"1c66161\" data-element_type=\"widget\" data-e-type=\"widget\" data-widget_type=\"button.default\">\n\t\t\t\t<div class=\"elementor-widget-container\">\n\t\t\t\t\t\t\t\t\t<div class=\"elementor-button-wrapper\">\n\t\t\t\t\t<a class=\"elementor-button elementor-button-link elementor-size-sm\" href=\"https:\/\/www.amibit.pl\/index.php\/oferta\/\">\n\t\t\t\t\t\t<span class=\"elementor-button-content-wrapper\">\n\t\t\t\t\t\t\t\t\t<span class=\"elementor-button-text\">Powr\u00f3t<\/span>\n\t\t\t\t\t<\/span>\n\t\t\t\t\t<\/a>\n\t\t\t\t<\/div>\n\t\t\t\t\t\t\t\t<\/div>\n\t\t\t\t<\/div>\n\t\t\t\t\t<\/div>\n\t\t<\/div>\n\t\t\t\t\t<\/div>\n\t\t<\/section>\n\t\t\t\t<section class=\"elementor-section elementor-top-section elementor-element elementor-element-638bb759 elementor-section-boxed elementor-section-height-default elementor-section-height-default\" data-id=\"638bb759\" data-element_type=\"section\" data-e-type=\"section\">\n\t\t\t\t\t\t<div class=\"elementor-container elementor-column-gap-default\">\n\t\t\t\t\t<div class=\"elementor-column elementor-col-100 elementor-top-column elementor-element elementor-element-537b309b\" data-id=\"537b309b\" data-element_type=\"column\" data-e-type=\"column\">\n\t\t\t<div class=\"elementor-widget-wrap elementor-element-populated\">\n\t\t\t\t\t\t<div class=\"elementor-element elementor-element-1790b534 elementor-widget elementor-widget-heading\" data-id=\"1790b534\" data-element_type=\"widget\" data-e-type=\"widget\" data-widget_type=\"heading.default\">\n\t\t\t\t<div class=\"elementor-widget-container\">\n\t\t\t\t\t<h2 class=\"elementor-heading-title elementor-size-default\"><span>Masz pytania?<\/span> Zadzwo\u0144 do nas <br>+48 600 743 957<\/h2>\t\t\t\t<\/div>\n\t\t\t\t<\/div>\n\t\t\t\t<div class=\"elementor-element elementor-element-578daabe elementor-widget elementor-widget-button\" data-id=\"578daabe\" data-element_type=\"widget\" data-e-type=\"widget\" data-widget_type=\"button.default\">\n\t\t\t\t<div class=\"elementor-widget-container\">\n\t\t\t\t\t\t\t\t\t<div class=\"elementor-button-wrapper\">\n\t\t\t\t\t<a class=\"elementor-button elementor-button-link elementor-size-sm\" href=\"https:\/\/www.amibit.pl\/index.php\/kontakt\/\">\n\t\t\t\t\t\t<span class=\"elementor-button-content-wrapper\">\n\t\t\t\t\t\t\t\t\t<span class=\"elementor-button-text\">lub napisz do nas<\/span>\n\t\t\t\t\t<\/span>\n\t\t\t\t\t<\/a>\n\t\t\t\t<\/div>\n\t\t\t\t\t\t\t\t<\/div>\n\t\t\t\t<\/div>\n\t\t\t\t\t<\/div>\n\t\t<\/div>\n\t\t\t\t\t<\/div>\n\t\t<\/section>\n\t\t\t\t<\/div>\n\t\t","protected":false},"excerpt":{"rendered":"<p>Opieka informatyczna Outsourcing Informatyczna obs\u0142uga serwisowa zlecona firmie zewn\u0119trznej to najlepszy spos\u00f3b na utrzymanie bie\u017c\u0105cej sprawno\u015bci sprz\u0119tu komputerowego, infrastruktury sieciowej, oprogramowania i peryferyjnych urz\u0105dze\u0144 komputerowych z szybkim czasem reakcji\u00a0na wszelkie problemy sprz\u0119towe i programowe\u00a0przy jednoczesnym zminimalizowaniu koszt\u00f3w. W\u0142a\u015bciwe zrozumienie problematyki Twojej firmy\u00a0i\u00a0okre\u015blenie potrzeb informatycznych s\u0105 podstaw\u0105 do podejmowania prawid\u0142owych i szybkich dzia\u0142a\u0144. Proponowany zakres us\u0142ug: [&hellip;]<\/p>\n","protected":false},"author":1,"featured_media":0,"parent":0,"menu_order":0,"comment_status":"closed","ping_status":"closed","template":"","meta":{"ocean_post_layout":"full-screen","ocean_both_sidebars_style":"","ocean_both_sidebars_content_width":0,"ocean_both_sidebars_sidebars_width":0,"ocean_sidebar":"0","ocean_second_sidebar":"0","ocean_disable_margins":"enable","ocean_add_body_class":"","ocean_shortcode_before_top_bar":"","ocean_shortcode_after_top_bar":"","ocean_shortcode_before_header":"","ocean_shortcode_after_header":"","ocean_has_shortcode":"","ocean_shortcode_after_title":"","ocean_shortcode_before_footer_widgets":"","ocean_shortcode_after_footer_widgets":"","ocean_shortcode_before_footer_bottom":"","ocean_shortcode_after_footer_bottom":"","ocean_display_top_bar":"off","ocean_display_header":"default","ocean_header_style":"","ocean_center_header_left_menu":"0","ocean_custom_header_template":"0","ocean_custom_logo":0,"ocean_custom_retina_logo":0,"ocean_custom_logo_max_width":0,"ocean_custom_logo_tablet_max_width":0,"ocean_custom_logo_mobile_max_width":0,"ocean_custom_logo_max_height":0,"ocean_custom_logo_tablet_max_height":0,"ocean_custom_logo_mobile_max_height":0,"ocean_header_custom_menu":"0","ocean_menu_typo_font_family":"0","ocean_menu_typo_font_subset":"","ocean_menu_typo_font_size":0,"ocean_menu_typo_font_size_tablet":0,"ocean_menu_typo_font_size_mobile":0,"ocean_menu_typo_font_size_unit":"px","ocean_menu_typo_font_weight":"","ocean_menu_typo_font_weight_tablet":"","ocean_menu_typo_font_weight_mobile":"","ocean_menu_typo_transform":"","ocean_menu_typo_transform_tablet":"","ocean_menu_typo_transform_mobile":"","ocean_menu_typo_line_height":0,"ocean_menu_typo_line_height_tablet":0,"ocean_menu_typo_line_height_mobile":0,"ocean_menu_typo_line_height_unit":"","ocean_menu_typo_spacing":0,"ocean_menu_typo_spacing_tablet":0,"ocean_menu_typo_spacing_mobile":0,"ocean_menu_typo_spacing_unit":"","ocean_menu_link_color":"","ocean_menu_link_color_hover":"","ocean_menu_link_color_active":"","ocean_menu_link_background":"","ocean_menu_link_hover_background":"","ocean_menu_link_active_background":"","ocean_menu_social_links_bg":"","ocean_menu_social_hover_links_bg":"","ocean_menu_social_links_color":"","ocean_menu_social_hover_links_color":"","ocean_disable_title":"on","ocean_disable_heading":"default","ocean_post_title":"","ocean_post_subheading":"","ocean_post_title_style":"","ocean_post_title_background_color":"","ocean_post_title_background":0,"ocean_post_title_bg_image_position":"","ocean_post_title_bg_image_attachment":"","ocean_post_title_bg_image_repeat":"","ocean_post_title_bg_image_size":"","ocean_post_title_height":0,"ocean_post_title_bg_overlay":0.5,"ocean_post_title_bg_overlay_color":"","ocean_disable_breadcrumbs":"default","ocean_breadcrumbs_color":"","ocean_breadcrumbs_separator_color":"","ocean_breadcrumbs_links_color":"","ocean_breadcrumbs_links_hover_color":"","ocean_display_footer_widgets":"off","ocean_display_footer_bottom":"off","ocean_custom_footer_template":"0","footnotes":""},"class_list":["post-23","page","type-page","status-publish","hentry","entry"],"_links":{"self":[{"href":"https:\/\/www.amibit.pl\/index.php\/wp-json\/wp\/v2\/pages\/23","targetHints":{"allow":["GET"]}}],"collection":[{"href":"https:\/\/www.amibit.pl\/index.php\/wp-json\/wp\/v2\/pages"}],"about":[{"href":"https:\/\/www.amibit.pl\/index.php\/wp-json\/wp\/v2\/types\/page"}],"author":[{"embeddable":true,"href":"https:\/\/www.amibit.pl\/index.php\/wp-json\/wp\/v2\/users\/1"}],"replies":[{"embeddable":true,"href":"https:\/\/www.amibit.pl\/index.php\/wp-json\/wp\/v2\/comments?post=23"}],"version-history":[{"count":49,"href":"https:\/\/www.amibit.pl\/index.php\/wp-json\/wp\/v2\/pages\/23\/revisions"}],"predecessor-version":[{"id":702,"href":"https:\/\/www.amibit.pl\/index.php\/wp-json\/wp\/v2\/pages\/23\/revisions\/702"}],"wp:attachment":[{"href":"https:\/\/www.amibit.pl\/index.php\/wp-json\/wp\/v2\/media?parent=23"}],"curies":[{"name":"wp","href":"https:\/\/api.w.org\/{rel}","templated":true}]}}