{"id":11,"date":"2022-12-26T14:44:49","date_gmt":"2022-12-26T14:44:49","guid":{"rendered":"https:\/\/www.amibit.pl\/?page_id=11"},"modified":"2024-02-01T10:11:47","modified_gmt":"2024-02-01T10:11:47","slug":"oferta","status":"publish","type":"page","link":"https:\/\/www.amibit.pl\/index.php\/oferta\/","title":{"rendered":"Oferta"},"content":{"rendered":"\t\t<div data-elementor-type=\"wp-page\" data-elementor-id=\"11\" class=\"elementor elementor-11\">\n\t\t\t\t\t\t<section class=\"elementor-section elementor-top-section elementor-element elementor-element-551558c0 elementor-section-height-min-height elementor-section-boxed elementor-section-height-default elementor-section-items-middle\" data-id=\"551558c0\" data-element_type=\"section\" data-e-type=\"section\" data-settings=\"{&quot;background_background&quot;:&quot;classic&quot;}\">\n\t\t\t\t\t\t\t<div class=\"elementor-background-overlay\"><\/div>\n\t\t\t\t\t\t\t<div class=\"elementor-container elementor-column-gap-default\">\n\t\t\t\t\t<div class=\"elementor-column elementor-col-100 elementor-top-column elementor-element elementor-element-6d6be4c\" data-id=\"6d6be4c\" data-element_type=\"column\" data-e-type=\"column\">\n\t\t\t<div class=\"elementor-widget-wrap elementor-element-populated\">\n\t\t\t\t\t\t<div class=\"elementor-element elementor-element-1316a8bc elementor-widget__width-inherit elementor-widget elementor-widget-heading\" data-id=\"1316a8bc\" data-element_type=\"widget\" data-e-type=\"widget\" data-widget_type=\"heading.default\">\n\t\t\t\t<div class=\"elementor-widget-container\">\n\t\t\t\t\t<h1 class=\"elementor-heading-title elementor-size-default\">Oferta<\/h1>\t\t\t\t<\/div>\n\t\t\t\t<\/div>\n\t\t\t\t\t<\/div>\n\t\t<\/div>\n\t\t\t\t\t<\/div>\n\t\t<\/section>\n\t\t\t\t<section class=\"elementor-section elementor-top-section elementor-element elementor-element-332dd3ea elementor-section-boxed elementor-section-height-default elementor-section-height-default\" data-id=\"332dd3ea\" data-element_type=\"section\" data-e-type=\"section\" data-settings=\"{&quot;background_background&quot;:&quot;classic&quot;}\">\n\t\t\t\t\t\t<div class=\"elementor-container elementor-column-gap-no\">\n\t\t\t\t\t<div class=\"elementor-column elementor-col-100 elementor-top-column elementor-element elementor-element-310c85f3\" data-id=\"310c85f3\" data-element_type=\"column\" data-e-type=\"column\">\n\t\t\t<div class=\"elementor-widget-wrap elementor-element-populated\">\n\t\t\t\t\t\t<div class=\"elementor-element elementor-element-7a86da0 elementor-widget elementor-widget-heading\" data-id=\"7a86da0\" data-element_type=\"widget\" data-e-type=\"widget\" data-widget_type=\"heading.default\">\n\t\t\t\t<div class=\"elementor-widget-container\">\n\t\t\t\t\t<h2 class=\"elementor-heading-title elementor-size-default\">Kompetencje i do\u015bwiadczenie<\/h2>\t\t\t\t<\/div>\n\t\t\t\t<\/div>\n\t\t\t\t<div class=\"elementor-element elementor-element-5edb05c9 elementor-widget elementor-widget-text-editor\" data-id=\"5edb05c9\" data-element_type=\"widget\" data-e-type=\"widget\" data-widget_type=\"text-editor.default\">\n\t\t\t\t<div class=\"elementor-widget-container\">\n\t\t\t\t\t\t\t\t\t<table border=\"0\" width=\"760\" cellspacing=\"0\" cellpadding=\"0\"><tbody><tr><td colspan=\"2\" valign=\"top\"><p>\u015awiadczymy szeroki zakres us\u0142ug informatycznych, a w szczeg\u00f3lno\u015bci:<\/p><p><script>\n\t\t\n\t\t\t\/\/ deploy\n\t\t\tif (typeof(theTemplate) != 'undefined' && theTemplate.hasFlashNavigation == \"true\") {\n\t\t\t\ttry {\n\t\t\t\t\tif (window == window.top || parent.document.location.href.indexOf(\"main.html\") == -1) {\n\t\t\t\t\t\tdocument.body.style.backgroundColor='#' +theTemplate.contentBGColor ;\n\t\t\t\t\t\tdocument.location.replace( __path_prefix__ + \"\/main.html?src=\" + jencode(document.location.pathname + document.location.search));\n\t\t\t\t\t} else {\n\t\t\t\t\t\tdocument.body.style.backgroundColor='#' +theTemplate.contentBGColor ;\n\t\t\t\t\t}\n\t\t\t\t} catch( AccessViolation ) { \/\/ cannot access http parent from https iframe and vice versa\n\t\t\t\t}\n\t\t\t}\n\t\t\n\t<\/script><\/p><ul><li>kompleksow\u0105 opiek\u0119 informatyczn\u0105 nad firmami (outsourcing IT),<\/li><li>wykonawstwo sieci teleinformatycznych oraz zasilaj\u0105cych urz\u0105dzenia IT,<\/li><li>administrowanie sieciami oraz systemami informatycznymi,<\/li><li>doradztwo w zakresie nowoczesnych rozwi\u0105za\u0144 informatycznych,<\/li><li>serwis komputer\u00f3w, notebook\u00f3w oraz urz\u0105dze\u0144 peryferyjnych,<\/li><li>dostaw\u0119 sprz\u0119tu komputerowego\u00a0i oprogramowania.<\/li><\/ul><\/td><\/tr><\/tbody><\/table>\t\t\t\t\t\t\t\t<\/div>\n\t\t\t\t<\/div>\n\t\t\t\t\t<\/div>\n\t\t<\/div>\n\t\t\t\t\t<\/div>\n\t\t<\/section>\n\t\t\t\t<section class=\"elementor-section elementor-top-section elementor-element elementor-element-7d0891fb elementor-section-boxed elementor-section-height-default elementor-section-height-default\" data-id=\"7d0891fb\" data-element_type=\"section\" data-e-type=\"section\">\n\t\t\t\t\t\t<div class=\"elementor-container elementor-column-gap-no\">\n\t\t\t\t\t<div class=\"elementor-column elementor-col-100 elementor-top-column elementor-element elementor-element-205ee510\" data-id=\"205ee510\" data-element_type=\"column\" data-e-type=\"column\">\n\t\t\t<div class=\"elementor-widget-wrap elementor-element-populated\">\n\t\t\t\t\t\t<div class=\"elementor-element elementor-element-1cb7366f elementor-widget elementor-widget-heading\" data-id=\"1cb7366f\" data-element_type=\"widget\" data-e-type=\"widget\" data-widget_type=\"heading.default\">\n\t\t\t\t<div class=\"elementor-widget-container\">\n\t\t\t\t\t<h2 class=\"elementor-heading-title elementor-size-default\">Komercyjne us\u0142ugi informatyczne<\/h2>\t\t\t\t<\/div>\n\t\t\t\t<\/div>\n\t\t\t\t<div class=\"elementor-element elementor-element-2bb90347 elementor-widget elementor-widget-text-editor\" data-id=\"2bb90347\" data-element_type=\"widget\" data-e-type=\"widget\" data-widget_type=\"text-editor.default\">\n\t\t\t\t<div class=\"elementor-widget-container\">\n\t\t\t\t\t\t\t\t\t<table border=\"0\" width=\"760\" cellspacing=\"0\" cellpadding=\"0\">\n<tbody>\n\n<td colspan=\"2\" valign=\"top\">Formy wsp\u00f3\u0142pracy dostosowywane s\u0105 indywidualnie\u00a0do Twoich potrzeb. Oferujemy rozwi\u0105zania jednorazowe,\u00a0jak i sta\u0142e \u2013 w formie um\u00f3w outsourcingowych.<\/td>\n<\/tr>\n<\/tbody>\n<\/table>\t\t\t\t\t\t\t\t<\/div>\n\t\t\t\t<\/div>\n\t\t\t\t\t<\/div>\n\t\t<\/div>\n\t\t\t\t\t<\/div>\n\t\t<\/section>\n\t\t\t\t<section class=\"elementor-section elementor-top-section elementor-element elementor-element-1882d0fe elementor-section-boxed elementor-section-height-default elementor-section-height-default\" data-id=\"1882d0fe\" data-element_type=\"section\" data-e-type=\"section\">\n\t\t\t\t\t\t<div class=\"elementor-container elementor-column-gap-default\">\n\t\t\t\t\t<div class=\"elementor-column elementor-col-100 elementor-top-column elementor-element elementor-element-79baf59f\" data-id=\"79baf59f\" data-element_type=\"column\" data-e-type=\"column\">\n\t\t\t<div class=\"elementor-widget-wrap elementor-element-populated\">\n\t\t\t\t\t\t<section class=\"elementor-section elementor-inner-section elementor-element elementor-element-146715a6 elementor-section-boxed elementor-section-height-default elementor-section-height-default\" data-id=\"146715a6\" data-element_type=\"section\" data-e-type=\"section\">\n\t\t\t\t\t\t<div class=\"elementor-container elementor-column-gap-default\">\n\t\t\t\t\t<div class=\"elementor-column elementor-col-50 elementor-inner-column elementor-element elementor-element-55b95b7\" data-id=\"55b95b7\" data-element_type=\"column\" data-e-type=\"column\">\n\t\t\t<div class=\"elementor-widget-wrap elementor-element-populated\">\n\t\t\t\t\t\t<div class=\"elementor-element elementor-element-7eef3adb elementor-widget elementor-widget-image\" data-id=\"7eef3adb\" data-element_type=\"widget\" data-e-type=\"widget\" data-widget_type=\"image.default\">\n\t\t\t\t<div class=\"elementor-widget-container\">\n\t\t\t\t\t\t\t\t\t\t\t\t\t\t\t\t<a href=\"https:\/\/www.amibit.pl\/index.php\/opieka-informatyczna\/\">\n\t\t\t\t\t\t\t<img fetchpriority=\"high\" decoding=\"async\" width=\"800\" height=\"450\" src=\"https:\/\/www.amibit.pl\/wp-content\/uploads\/2022\/12\/it-g4a63e87c6_1920-800x450.jpg\" class=\"elementor-animation-shrink attachment-ocean-thumb-ml size-ocean-thumb-ml wp-image-397\" alt=\"\" \/>\t\t\t\t\t\t\t\t<\/a>\n\t\t\t\t\t\t\t\t\t\t\t\t\t\t\t<\/div>\n\t\t\t\t<\/div>\n\t\t\t\t<div class=\"elementor-element elementor-element-77cf2d77 elementor-widget elementor-widget-heading\" data-id=\"77cf2d77\" data-element_type=\"widget\" data-e-type=\"widget\" data-widget_type=\"heading.default\">\n\t\t\t\t<div class=\"elementor-widget-container\">\n\t\t\t\t\t<h2 class=\"elementor-heading-title elementor-size-default\">Opieka informatyczna<\/h2>\t\t\t\t<\/div>\n\t\t\t\t<\/div>\n\t\t\t\t<div class=\"elementor-element elementor-element-5c7b39e6 elementor-widget elementor-widget-text-editor\" data-id=\"5c7b39e6\" data-element_type=\"widget\" data-e-type=\"widget\" data-widget_type=\"text-editor.default\">\n\t\t\t\t<div class=\"elementor-widget-container\">\n\t\t\t\t\t\t\t\t\t<p>Informatyczna obs\u0142uga serwisowa zlecona firmie zewn\u0119trznej to najlepszy spos\u00f3b na utrzymanie bie\u017c\u0105cej sprawno\u015bci sprz\u0119tu komputerowego, infrastruktury sieciowej, oprogramowania i peryferyjnych urz\u0105dze\u0144 komputerowych z szybkim czasem reakcji\u00a0na wszelkie problemy sprz\u0119towe i programowe\u00a0przy jednoczesnym zminimalizowaniu koszt\u00f3w.<\/p><p><strong><a href=\"https:\/\/www.amibit.pl\/index.php\/opieka-informatyczna\/\">Czytaj wi\u0119cej&#8230;<\/a><\/strong><\/p>\t\t\t\t\t\t\t\t<\/div>\n\t\t\t\t<\/div>\n\t\t\t\t\t<\/div>\n\t\t<\/div>\n\t\t\t\t<div class=\"elementor-column elementor-col-50 elementor-inner-column elementor-element elementor-element-61016a50\" data-id=\"61016a50\" data-element_type=\"column\" data-e-type=\"column\">\n\t\t\t<div class=\"elementor-widget-wrap elementor-element-populated\">\n\t\t\t\t\t\t<div class=\"elementor-element elementor-element-2906e87b elementor-widget elementor-widget-image\" data-id=\"2906e87b\" data-element_type=\"widget\" data-e-type=\"widget\" data-widget_type=\"image.default\">\n\t\t\t\t<div class=\"elementor-widget-container\">\n\t\t\t\t\t\t\t\t\t\t\t\t\t\t\t\t<a href=\"https:\/\/www.amibit.pl\/index.php\/sieci-komputerowe\/\">\n\t\t\t\t\t\t\t<img decoding=\"async\" width=\"800\" height=\"450\" src=\"https:\/\/www.amibit.pl\/wp-content\/uploads\/2022\/12\/cyberspace-ga7671e922_1920-800x450.jpg\" class=\"elementor-animation-shrink attachment-ocean-thumb-ml size-ocean-thumb-ml wp-image-115\" alt=\"\" \/>\t\t\t\t\t\t\t\t<\/a>\n\t\t\t\t\t\t\t\t\t\t\t\t\t\t\t<\/div>\n\t\t\t\t<\/div>\n\t\t\t\t<div class=\"elementor-element elementor-element-35cfa1c elementor-widget elementor-widget-heading\" data-id=\"35cfa1c\" data-element_type=\"widget\" data-e-type=\"widget\" data-widget_type=\"heading.default\">\n\t\t\t\t<div class=\"elementor-widget-container\">\n\t\t\t\t\t<h2 class=\"elementor-heading-title elementor-size-default\">Sieci komputerowe<\/h2>\t\t\t\t<\/div>\n\t\t\t\t<\/div>\n\t\t\t\t<div class=\"elementor-element elementor-element-16bd3586 elementor-widget elementor-widget-text-editor\" data-id=\"16bd3586\" data-element_type=\"widget\" data-e-type=\"widget\" data-widget_type=\"text-editor.default\">\n\t\t\t\t<div class=\"elementor-widget-container\">\n\t\t\t\t\t\t\t\t\t<p>Wykonujemy sieci kablowe, jak i bezprzewodowe w dowolnej konfiguracji, \u0142\u0105cznie z dedykowan\u0105 instalacj\u0105 zasilaj\u0105c\u0105.<\/p><p><strong><a href=\"https:\/\/www.amibit.pl\/index.php\/sieci-komputerowe\/\">Czytaj wi\u0119cej&#8230;<\/a><\/strong><\/p>\t\t\t\t\t\t\t\t<\/div>\n\t\t\t\t<\/div>\n\t\t\t\t\t<\/div>\n\t\t<\/div>\n\t\t\t\t\t<\/div>\n\t\t<\/section>\n\t\t\t\t<section class=\"elementor-section elementor-inner-section elementor-element elementor-element-5a052860 elementor-section-boxed elementor-section-height-default elementor-section-height-default\" data-id=\"5a052860\" data-element_type=\"section\" data-e-type=\"section\">\n\t\t\t\t\t\t<div class=\"elementor-container elementor-column-gap-default\">\n\t\t\t\t\t<div class=\"elementor-column elementor-col-33 elementor-inner-column elementor-element elementor-element-300a347c\" data-id=\"300a347c\" data-element_type=\"column\" data-e-type=\"column\">\n\t\t\t<div class=\"elementor-widget-wrap elementor-element-populated\">\n\t\t\t\t\t\t<div class=\"elementor-element elementor-element-686ec049 elementor-widget elementor-widget-image\" data-id=\"686ec049\" data-element_type=\"widget\" data-e-type=\"widget\" data-widget_type=\"image.default\">\n\t\t\t\t<div class=\"elementor-widget-container\">\n\t\t\t\t\t\t\t\t\t\t\t\t\t\t\t\t<a href=\"https:\/\/www.amibit.pl\/index.php\/doradztwo\/\">\n\t\t\t\t\t\t\t<img decoding=\"async\" width=\"800\" height=\"450\" src=\"https:\/\/www.amibit.pl\/wp-content\/uploads\/2022\/12\/consulting-g57417b022_1920-800x450.jpg\" class=\"elementor-animation-shrink attachment-ocean-thumb-ml size-ocean-thumb-ml wp-image-412\" alt=\"\" \/>\t\t\t\t\t\t\t\t<\/a>\n\t\t\t\t\t\t\t\t\t\t\t\t\t\t\t<\/div>\n\t\t\t\t<\/div>\n\t\t\t\t<div class=\"elementor-element elementor-element-69a48bf5 elementor-widget elementor-widget-heading\" data-id=\"69a48bf5\" data-element_type=\"widget\" data-e-type=\"widget\" data-widget_type=\"heading.default\">\n\t\t\t\t<div class=\"elementor-widget-container\">\n\t\t\t\t\t<h2 class=\"elementor-heading-title elementor-size-default\">Doradztwo<\/h2>\t\t\t\t<\/div>\n\t\t\t\t<\/div>\n\t\t\t\t<div class=\"elementor-element elementor-element-241c59b elementor-widget elementor-widget-text-editor\" data-id=\"241c59b\" data-element_type=\"widget\" data-e-type=\"widget\" data-widget_type=\"text-editor.default\">\n\t\t\t\t<div class=\"elementor-widget-container\">\n\t\t\t\t\t\t\t\t\t<p>Korzystaj\u0105c z naszego do\u015bwiadczenia i wiedzy doradzimy w wyborze optymalnych rozwi\u0105za\u0144 sprz\u0119towych i programowych.<\/p><p><strong><a href=\"https:\/\/www.amibit.pl\/index.php\/doradztwo\/\">Czytaj wi\u0119cej&#8230;<\/a><\/strong><\/p>\t\t\t\t\t\t\t\t<\/div>\n\t\t\t\t<\/div>\n\t\t\t\t\t<\/div>\n\t\t<\/div>\n\t\t\t\t<div class=\"elementor-column elementor-col-33 elementor-inner-column elementor-element elementor-element-1c50ef73\" data-id=\"1c50ef73\" data-element_type=\"column\" data-e-type=\"column\">\n\t\t\t<div class=\"elementor-widget-wrap elementor-element-populated\">\n\t\t\t\t\t\t<div class=\"elementor-element elementor-element-69c5c72e elementor-widget elementor-widget-image\" data-id=\"69c5c72e\" data-element_type=\"widget\" data-e-type=\"widget\" data-widget_type=\"image.default\">\n\t\t\t\t<div class=\"elementor-widget-container\">\n\t\t\t\t\t\t\t\t\t\t\t\t\t\t\t\t<a href=\"https:\/\/www.amibit.pl\/index.php\/serwis\/\">\n\t\t\t\t\t\t\t<img loading=\"lazy\" decoding=\"async\" width=\"800\" height=\"450\" src=\"https:\/\/www.amibit.pl\/wp-content\/uploads\/2022\/12\/service-g4c1a2afa7_1920-800x450.jpg\" class=\"elementor-animation-shrink attachment-ocean-thumb-ml size-ocean-thumb-ml wp-image-402\" alt=\"\" \/>\t\t\t\t\t\t\t\t<\/a>\n\t\t\t\t\t\t\t\t\t\t\t\t\t\t\t<\/div>\n\t\t\t\t<\/div>\n\t\t\t\t<div class=\"elementor-element elementor-element-263c3f2 elementor-widget elementor-widget-heading\" data-id=\"263c3f2\" data-element_type=\"widget\" data-e-type=\"widget\" data-widget_type=\"heading.default\">\n\t\t\t\t<div class=\"elementor-widget-container\">\n\t\t\t\t\t<h2 class=\"elementor-heading-title elementor-size-default\">Serwis<\/h2>\t\t\t\t<\/div>\n\t\t\t\t<\/div>\n\t\t\t\t<div class=\"elementor-element elementor-element-5099962 elementor-widget elementor-widget-text-editor\" data-id=\"5099962\" data-element_type=\"widget\" data-e-type=\"widget\" data-widget_type=\"text-editor.default\">\n\t\t\t\t<div class=\"elementor-widget-container\">\n\t\t\t\t\t\t\t\t\t<p>Oferujemy napraw\u0119 i rozbudow\u0119 sprz\u0119tu komputerowego, notebook\u00f3w i urz\u0105dze\u0144 peryferyjnych.<\/p><p><strong><a href=\"https:\/\/www.amibit.pl\/index.php\/serwis\/\">Czytaj wi\u0119cej&#8230;<\/a><\/strong><\/p>\t\t\t\t\t\t\t\t<\/div>\n\t\t\t\t<\/div>\n\t\t\t\t\t<\/div>\n\t\t<\/div>\n\t\t\t\t<div class=\"elementor-column elementor-col-33 elementor-inner-column elementor-element elementor-element-dd72007\" data-id=\"dd72007\" data-element_type=\"column\" data-e-type=\"column\">\n\t\t\t<div class=\"elementor-widget-wrap elementor-element-populated\">\n\t\t\t\t\t\t<div class=\"elementor-element elementor-element-c5fac8c elementor-widget elementor-widget-image\" data-id=\"c5fac8c\" data-element_type=\"widget\" data-e-type=\"widget\" data-widget_type=\"image.default\">\n\t\t\t\t<div class=\"elementor-widget-container\">\n\t\t\t\t\t\t\t\t\t\t\t\t\t\t\t\t<a href=\"https:\/\/www.amibit.pl\/index.php\/sprzedaz\/\">\n\t\t\t\t\t\t\t<img loading=\"lazy\" decoding=\"async\" width=\"800\" height=\"450\" src=\"https:\/\/www.amibit.pl\/wp-content\/uploads\/2022\/12\/iphone-g4c8b42839_1920-800x450.jpg\" class=\"elementor-animation-shrink attachment-ocean-thumb-ml size-ocean-thumb-ml wp-image-408\" alt=\"\" \/>\t\t\t\t\t\t\t\t<\/a>\n\t\t\t\t\t\t\t\t\t\t\t\t\t\t\t<\/div>\n\t\t\t\t<\/div>\n\t\t\t\t<div class=\"elementor-element elementor-element-02d20e3 elementor-widget elementor-widget-heading\" data-id=\"02d20e3\" data-element_type=\"widget\" data-e-type=\"widget\" data-widget_type=\"heading.default\">\n\t\t\t\t<div class=\"elementor-widget-container\">\n\t\t\t\t\t<h2 class=\"elementor-heading-title elementor-size-default\">Sprzeda\u017c<\/h2>\t\t\t\t<\/div>\n\t\t\t\t<\/div>\n\t\t\t\t<div class=\"elementor-element elementor-element-a98086d elementor-widget elementor-widget-text-editor\" data-id=\"a98086d\" data-element_type=\"widget\" data-e-type=\"widget\" data-widget_type=\"text-editor.default\">\n\t\t\t\t<div class=\"elementor-widget-container\">\n\t\t\t\t\t\t\t\t\t<p>Sprzedamy\u00a0oraz dostarczymy sprz\u0119t komputerowy, urz\u0105dzenia peryferyjne, osprz\u0119t<br \/>sieciowy spe\u0142niaj\u0105ce Twoje\u00a0<span style=\"font-size: 16px;\">oczekiwania. <\/span><\/p><p><span style=\"font-size: 16px;\"><strong><a href=\"https:\/\/www.amibit.pl\/index.php\/sprzedaz\/\">Czytaj wi\u0119cej&#8230;<\/a><\/strong><\/span><\/p>\t\t\t\t\t\t\t\t<\/div>\n\t\t\t\t<\/div>\n\t\t\t\t\t<\/div>\n\t\t<\/div>\n\t\t\t\t\t<\/div>\n\t\t<\/section>\n\t\t\t\t<div class=\"elementor-element elementor-element-3ef3edee elementor-widget elementor-widget-heading\" data-id=\"3ef3edee\" data-element_type=\"widget\" data-e-type=\"widget\" data-widget_type=\"heading.default\">\n\t\t\t\t<div class=\"elementor-widget-container\">\n\t\t\t\t\t<h2 class=\"elementor-heading-title elementor-size-default\"><span>Masz pytania?<\/span> Zadzwo\u0144 do nas <br>+48 600 743 957<\/h2>\t\t\t\t<\/div>\n\t\t\t\t<\/div>\n\t\t\t\t<div class=\"elementor-element elementor-element-72d2590f elementor-widget elementor-widget-button\" data-id=\"72d2590f\" data-element_type=\"widget\" data-e-type=\"widget\" data-widget_type=\"button.default\">\n\t\t\t\t<div class=\"elementor-widget-container\">\n\t\t\t\t\t\t\t\t\t<div class=\"elementor-button-wrapper\">\n\t\t\t\t\t<a class=\"elementor-button elementor-button-link elementor-size-sm\" href=\"https:\/\/www.amibit.pl\/index.php\/kontakt\/\">\n\t\t\t\t\t\t<span class=\"elementor-button-content-wrapper\">\n\t\t\t\t\t\t\t\t\t<span class=\"elementor-button-text\">lub napisz do nas<\/span>\n\t\t\t\t\t<\/span>\n\t\t\t\t\t<\/a>\n\t\t\t\t<\/div>\n\t\t\t\t\t\t\t\t<\/div>\n\t\t\t\t<\/div>\n\t\t\t\t\t<\/div>\n\t\t<\/div>\n\t\t\t\t\t<\/div>\n\t\t<\/section>\n\t\t\t\t<\/div>\n\t\t","protected":false},"excerpt":{"rendered":"<p>Oferta Kompetencje i do\u015bwiadczenie \u015awiadczymy szeroki zakres us\u0142ug informatycznych, a w szczeg\u00f3lno\u015bci: kompleksow\u0105 opiek\u0119 informatyczn\u0105 nad firmami (outsourcing IT), wykonawstwo sieci teleinformatycznych oraz zasilaj\u0105cych urz\u0105dzenia IT, administrowanie sieciami oraz systemami informatycznymi, doradztwo w zakresie nowoczesnych rozwi\u0105za\u0144 informatycznych, serwis komputer\u00f3w, notebook\u00f3w oraz urz\u0105dze\u0144 peryferyjnych, dostaw\u0119 sprz\u0119tu komputerowego\u00a0i oprogramowania. Komercyjne us\u0142ugi informatyczne Formy wsp\u00f3\u0142pracy dostosowywane s\u0105 indywidualnie\u00a0do [&hellip;]<\/p>\n","protected":false},"author":1,"featured_media":0,"parent":0,"menu_order":0,"comment_status":"closed","ping_status":"closed","template":"","meta":{"ocean_post_layout":"full-screen","ocean_both_sidebars_style":"","ocean_both_sidebars_content_width":0,"ocean_both_sidebars_sidebars_width":0,"ocean_sidebar":"0","ocean_second_sidebar":"0","ocean_disable_margins":"enable","ocean_add_body_class":"","ocean_shortcode_before_top_bar":"","ocean_shortcode_after_top_bar":"","ocean_shortcode_before_header":"","ocean_shortcode_after_header":"","ocean_has_shortcode":"","ocean_shortcode_after_title":"","ocean_shortcode_before_footer_widgets":"","ocean_shortcode_after_footer_widgets":"","ocean_shortcode_before_footer_bottom":"","ocean_shortcode_after_footer_bottom":"","ocean_display_top_bar":"off","ocean_display_header":"default","ocean_header_style":"","ocean_center_header_left_menu":"0","ocean_custom_header_template":"0","ocean_custom_logo":0,"ocean_custom_retina_logo":0,"ocean_custom_logo_max_width":0,"ocean_custom_logo_tablet_max_width":0,"ocean_custom_logo_mobile_max_width":0,"ocean_custom_logo_max_height":0,"ocean_custom_logo_tablet_max_height":0,"ocean_custom_logo_mobile_max_height":0,"ocean_header_custom_menu":"0","ocean_menu_typo_font_family":"0","ocean_menu_typo_font_subset":"","ocean_menu_typo_font_size":0,"ocean_menu_typo_font_size_tablet":0,"ocean_menu_typo_font_size_mobile":0,"ocean_menu_typo_font_size_unit":"px","ocean_menu_typo_font_weight":"","ocean_menu_typo_font_weight_tablet":"","ocean_menu_typo_font_weight_mobile":"","ocean_menu_typo_transform":"","ocean_menu_typo_transform_tablet":"","ocean_menu_typo_transform_mobile":"","ocean_menu_typo_line_height":0,"ocean_menu_typo_line_height_tablet":0,"ocean_menu_typo_line_height_mobile":0,"ocean_menu_typo_line_height_unit":"","ocean_menu_typo_spacing":0,"ocean_menu_typo_spacing_tablet":0,"ocean_menu_typo_spacing_mobile":0,"ocean_menu_typo_spacing_unit":"","ocean_menu_link_color":"","ocean_menu_link_color_hover":"","ocean_menu_link_color_active":"","ocean_menu_link_background":"","ocean_menu_link_hover_background":"","ocean_menu_link_active_background":"","ocean_menu_social_links_bg":"","ocean_menu_social_hover_links_bg":"","ocean_menu_social_links_color":"","ocean_menu_social_hover_links_color":"","ocean_disable_title":"on","ocean_disable_heading":"default","ocean_post_title":"","ocean_post_subheading":"","ocean_post_title_style":"","ocean_post_title_background_color":"","ocean_post_title_background":0,"ocean_post_title_bg_image_position":"","ocean_post_title_bg_image_attachment":"","ocean_post_title_bg_image_repeat":"","ocean_post_title_bg_image_size":"","ocean_post_title_height":0,"ocean_post_title_bg_overlay":0.5,"ocean_post_title_bg_overlay_color":"","ocean_disable_breadcrumbs":"default","ocean_breadcrumbs_color":"","ocean_breadcrumbs_separator_color":"","ocean_breadcrumbs_links_color":"","ocean_breadcrumbs_links_hover_color":"","ocean_display_footer_widgets":"off","ocean_display_footer_bottom":"off","ocean_custom_footer_template":"0","footnotes":""},"class_list":["post-11","page","type-page","status-publish","hentry","entry"],"_links":{"self":[{"href":"https:\/\/www.amibit.pl\/index.php\/wp-json\/wp\/v2\/pages\/11","targetHints":{"allow":["GET"]}}],"collection":[{"href":"https:\/\/www.amibit.pl\/index.php\/wp-json\/wp\/v2\/pages"}],"about":[{"href":"https:\/\/www.amibit.pl\/index.php\/wp-json\/wp\/v2\/types\/page"}],"author":[{"embeddable":true,"href":"https:\/\/www.amibit.pl\/index.php\/wp-json\/wp\/v2\/users\/1"}],"replies":[{"embeddable":true,"href":"https:\/\/www.amibit.pl\/index.php\/wp-json\/wp\/v2\/comments?post=11"}],"version-history":[{"count":154,"href":"https:\/\/www.amibit.pl\/index.php\/wp-json\/wp\/v2\/pages\/11\/revisions"}],"predecessor-version":[{"id":709,"href":"https:\/\/www.amibit.pl\/index.php\/wp-json\/wp\/v2\/pages\/11\/revisions\/709"}],"wp:attachment":[{"href":"https:\/\/www.amibit.pl\/index.php\/wp-json\/wp\/v2\/media?parent=11"}],"curies":[{"name":"wp","href":"https:\/\/api.w.org\/{rel}","templated":true}]}}